 {"id":843,"date":"2025-07-17T11:51:41","date_gmt":"2025-07-17T11:51:41","guid":{"rendered":"https:\/\/www.qualisoliva.com\/contactanos\/"},"modified":"2025-11-10T16:28:33","modified_gmt":"2025-11-10T15:28:33","slug":"contact-us","status":"publish","type":"page","link":"https:\/\/www.qualisoliva.com\/en\/contact-us\/","title":{"rendered":"Contact us"},"content":{"rendered":"<section class=\"contactanos__module\">\r\n<div class=\"container\"><article class=\"contactanos__grid\"><header class=\"contactanos__header\">\r\n<div class=\"contactanos__header-grid\">\r\n<h2 class=\"contactanos__header-claim\">If you need more information about out olive oils or if you want to contact us, please fill in this form. You can also email us <a href=\"mailto:info@qualisoliva.com\">info@qualisoliva.com<\/a><\/h2>\r\n<figure class=\"contactanos__header-figure\"><img class=\"alignnone size-full wp-image-140 lazyload\" alt=\"\" width=\"900\" height=\"1200\" data-src=\"https:\/\/www.qualisoliva.com\/assets\/media\/arbol-sellos-1.jpg\" srcset=\"https:\/\/www.qualisoliva.com\/assets\/media\/arbol-sellos-1.jpg 900w, https:\/\/www.qualisoliva.com\/assets\/media\/arbol-sellos-1-150x200.jpg 150w, https:\/\/www.qualisoliva.com\/assets\/media\/arbol-sellos-1-300x400.jpg 300w, https:\/\/www.qualisoliva.com\/assets\/media\/arbol-sellos-1-400x533.jpg 400w, https:\/\/www.qualisoliva.com\/assets\/media\/arbol-sellos-1-480x640.jpg 480w, https:\/\/www.qualisoliva.com\/assets\/media\/arbol-sellos-1-550x733.jpg 550w, https:\/\/www.qualisoliva.com\/assets\/media\/arbol-sellos-1-768x1024.jpg 768w\" sizes=\"(max-width: 900px) 100vw, 900px\" \/><\/figure>\r\n<\/div>\r\n<\/header><aside class=\"contactanos__aside\"><article class=\"contactanos__aside-form\"><small style=\"text-wrap: balance; text-align: center; padding-bottom: 15px; line-height: 120%; display: block;\">Fields marked with an asterisk are required *<\/small>\r\n\n<div class=\"wpcf7 no-js\" id=\"wpcf7-f5-o1\" lang=\"es-ES\" dir=\"ltr\" data-wpcf7-id=\"5\">\n<div class=\"screen-reader-response\"><p role=\"status\" aria-live=\"polite\" aria-atomic=\"true\"><\/p> <ul><\/ul><\/div>\n<form action=\"\/en\/wp-json\/wp\/v2\/pages\/843#wpcf7-f5-o1\" method=\"post\" class=\"wpcf7-form init\" aria-label=\"Formulario de contacto\" novalidate=\"novalidate\" data-status=\"init\">\n<fieldset class=\"hidden-fields-container\"><input type=\"hidden\" name=\"_wpcf7\" value=\"5\"><input type=\"hidden\" name=\"_wpcf7_version\" value=\"6.1.5\"><input type=\"hidden\" name=\"_wpcf7_locale\" value=\"es_ES\"><input type=\"hidden\" name=\"_wpcf7_unit_tag\" value=\"wpcf7-f5-o1\"><input type=\"hidden\" name=\"_wpcf7_container_post\" value=\"0\"><input type=\"hidden\" name=\"_wpcf7_posted_data_hash\" value=\"\">\n<\/fieldset>\n<article class=\"cb-cf7-field field-underline field-split\">\n\t<div class=\"label-field\">\n\t\t<p><span class=\"only-es\">Nombre *<\/span><span class=\"only-en\">Name *<\/span>\n\t\t<\/p>\n\t<\/div>\n\t<div class=\"cb-cf7-field__inner\">\n\t\t<p><span class=\"wpcf7-form-control-wrap\" data-name=\"contacto-nombre\"><input size=\"40\" maxlength=\"400\" class=\"wpcf7-form-control wpcf7-text wpcf7-validates-as-required\" aria-required=\"true\" aria-invalid=\"false\" placeholder=\"Name\" value=\"\" type=\"text\" name=\"contacto-nombre\"><\/span>\n\t\t<\/p>\n\t<\/div>\n<\/article>\n<article class=\"cb-cf7-field field-underline field-split\">\n\t<div class=\"label-field\">\n\t\t<p><span class=\"only-es\">Email *<\/span><span class=\"only-en\">Email *<\/span>\n\t\t<\/p>\n\t<\/div>\n\t<div class=\"cb-cf7-field__inner\">\n\t\t<p><span class=\"wpcf7-form-control-wrap\" data-name=\"contacto-email\"><input size=\"40\" maxlength=\"400\" class=\"wpcf7-form-control wpcf7-email wpcf7-validates-as-required wpcf7-text wpcf7-validates-as-email\" aria-required=\"true\" aria-invalid=\"false\" placeholder=\"Email\" value=\"\" type=\"email\" name=\"contacto-email\"><\/span>\n\t\t<\/p>\n\t<\/div>\n<\/article>\n<article class=\"cb-cf7-field field-underline\">\n\t<div class=\"label-field\">\n\t\t<p><span class=\"only-es\">Mensaje<\/span><span class=\"only-en\">Message<\/span>\n\t\t<\/p>\n\t<\/div>\n\t<div class=\"cb-cf7-field__inner\">\n\t\t<p><span class=\"wpcf7-form-control-wrap\" data-name=\"contacto-mensaje\"><textarea cols=\"40\" rows=\"10\" maxlength=\"2000\" class=\"wpcf7-form-control wpcf7-textarea\" aria-invalid=\"false\" placeholder=\"Message\" name=\"contacto-mensaje\"><\/textarea><\/span>\n\t\t<\/p>\n\t<\/div>\n<\/article>\n<article class=\"cb-cf7-field\">\n\t<p><label for=\"field-politica-privacidad\" class=\"custom-checkbox\"><span class=\"wpcf7-form-control-wrap\" data-name=\"politica-privacidad\"><span class=\"wpcf7-form-control wpcf7-acceptance\"><span class=\"wpcf7-list-item\"><input type=\"checkbox\" name=\"politica-privacidad\" value=\"1\" class=\"check-politica custom-checkbox-cf\" id=\"field-politica-privacidad\" aria-invalid=\"false\"><\/span><\/span><\/span><span class=\"only-es\">He le\u00eddo y acepto la informaci\u00f3n sobre protecci\u00f3n de datos seg\u00fan el REGLAMENTO (UE) 2016\/679 DEL PARLAMENTO EUROPEO Y DEL CONSEJO de 27 de abril de 2016 relativo a la protecci\u00f3n de las personas f\u00edsicas en lo que respecta al tratamiento de datos personales y a la libre circulaci\u00f3n de estos datos.<\/span><span class=\"only-en\">I have read and accept the information concerning data protection in accordance with REGULATION (EU) 2016\/679 OF THE EUROPEAN PARLIAMENT AND OF THE COUNCIL of 27 April 2016 on the protection of natural persons with regard to the processing of personal data and on the free movement of such data.<\/span><\/label>\n\t<\/p>\n<\/article>\n<article class=\"cb-cf7-field field-comunicacion-comercial\">\n\t<p><span class=\"wpcf7-form-control-wrap\" data-name=\"contacto-comunicacion-comercial\"><span class=\"wpcf7-form-control wpcf7-checkbox custom-checkbox-cf\"><span class=\"wpcf7-list-item first last\"><input type=\"checkbox\" name=\"contacto-comunicacion-comercial[]\" value=\"si\"><span class=\"wpcf7-list-item-label\"><span>I authorize the sending of communications about our products via email. By accepting, you will receive emails with information about our discounts, promotions, and new product information. Additional information can be found in the LEGAL NOTICE on our website.<\/span><\/span><\/span><\/span><\/span>\n\t<\/p>\n<\/article>\n<section class=\"textos-legales\">\n\t<div class=\"only-es\">\n\t\t<p>Sus datos son utilizados para gestionar las consultas que se realizan a trav\u00e9s de nuestra web mediante sus tratamiento como \"Formulario Web\". La base legal para el tratamiento de su datos es su consentimiento expl\u00edcito, prestado si proporciona su informaci\u00f3n personal. No se ceder\u00e1n datos a terceros, salvo obligaci\u00f3n legal. Podr\u00e1 acceder, rectificar y suprimir los datos as\u00ed como otros derechos, como se explica en la informaci\u00f3n adicional. La informaci\u00f3n adicional la encontrar\u00e1 en el<a href=\"\/politica-de-privacidad\/\" target=\"_blank\">AVISO LEGAL<\/a>, de nuestra p\u00e1gina web.\n\t\t<\/p>\n\t<\/div>\n\t<div class=\"only-en\">\n\t\t<p>Your data are used to manage the queries we receive via our website and they are processed as an \u2018Online Form\u2019. The legal basis for the data-processing is your explicit consent, which you provide by supplying your personal information. Data will not be shared with third parties unless there is a statutory requirement to do so. You may view, correct, or delete your data and exercise other rights as explained in the additional information. You can view the additional information as part of our<a href=\"\/en\/privacy-policy\/\" target=\"_blank\">LEGAL NOTICE<\/a>on our website.\n\t\t<\/p>\n\t<\/div>\n<\/section>\n<article class=\"cb-cf7-field\">\n\t<p><section class=\"custom-captcha__section\">\t\n\t<main class=\"custom-captcha__card\">\n\t\t<label class=\"custom-captcha__label\">Please fill in the captcha, enter the numbers and letters from the image <\/label>\n\t\t<img alt=\"captcha\" data-src=\"https:\/\/www.qualisoliva.com\/assets\/themes\/core-base-child\/partials\/captcha\/create-image-captcha.php?meta=31&amp;keys=2-e-8-61-61-c-32-22\" class=\" lazyload\">\n\t\t<div class=\"custom-captcha__cta\">\n\t\t\t<input class=\"custom-captcha__input\" name=\"custom-captcha\" placeholder=\"Enter the captcha here\">\n\t\t\t<button title=\"Recargar captcha\" id=\"cb_captcha_reload\"><\/button>\n\t\t<\/div>\n\t<\/main>\t\n<\/section>\n<span class=\"wpcf7-form-control-wrap\" data-name=\"false-captcha\"><input size=\"40\" maxlength=\"400\" class=\"wpcf7-form-control wpcf7-text\" id=\"false-captcha\" aria-invalid=\"false\" value=\"\" type=\"text\" name=\"false-captcha\"><\/span>\n\t<\/p>\n<\/article>\n<article class=\"cb-cf7-field field-submit\">\n\t<div class=\"field-submit__inner\">\n\t\t<p><input class=\"wpcf7-form-control wpcf7-submit btn-submit-cf7\" type=\"submit\" value=\"Submit\">\n\t\t<\/p>\n\t<\/div>\n<\/article><div class=\"wpcf7-response-output\" aria-hidden=\"true\"><\/div>\n<\/form>\n<\/div>\n<\/article><\/aside><\/article><\/div>\r\n<\/section>","protected":false},"excerpt":{"rendered":"<p>If you need more information about out olive oils or if you want to contact us, please fill in this form. You can also email us info@qualisoliva.com Fields marked with an asterisk are required *<\/p>\n","protected":false},"author":1,"featured_media":472,"parent":0,"menu_order":0,"comment_status":"closed","ping_status":"closed","template":"","meta":{"_acf_changed":false,"footnotes":""},"class_list":["post-843","page","type-page","status-publish","has-post-thumbnail","hentry"],"acf":[],"_links":{"self":[{"href":"https:\/\/www.qualisoliva.com\/en\/wp-json\/wp\/v2\/pages\/843","targetHints":{"allow":["GET"]}}],"collection":[{"href":"https:\/\/www.qualisoliva.com\/en\/wp-json\/wp\/v2\/pages"}],"about":[{"href":"https:\/\/www.qualisoliva.com\/en\/wp-json\/wp\/v2\/types\/page"}],"author":[{"embeddable":true,"href":"https:\/\/www.qualisoliva.com\/en\/wp-json\/wp\/v2\/users\/1"}],"replies":[{"embeddable":true,"href":"https:\/\/www.qualisoliva.com\/en\/wp-json\/wp\/v2\/comments?post=843"}],"version-history":[{"count":3,"href":"https:\/\/www.qualisoliva.com\/en\/wp-json\/wp\/v2\/pages\/843\/revisions"}],"predecessor-version":[{"id":912,"href":"https:\/\/www.qualisoliva.com\/en\/wp-json\/wp\/v2\/pages\/843\/revisions\/912"}],"wp:featuredmedia":[{"embeddable":true,"href":"https:\/\/www.qualisoliva.com\/en\/wp-json\/wp\/v2\/media\/472"}],"wp:attachment":[{"href":"https:\/\/www.qualisoliva.com\/en\/wp-json\/wp\/v2\/media?parent=843"}],"curies":[{"name":"wp","href":"https:\/\/api.w.org\/{rel}","templated":true}]}}