 {"id":849,"date":"2025-07-17T11:51:26","date_gmt":"2025-07-17T11:51:26","guid":{"rendered":"https:\/\/www.qualisoliva.com\/soluciones-personalizadas\/"},"modified":"2025-11-14T11:31:16","modified_gmt":"2025-11-14T10:31:16","slug":"customized-solutions","status":"publish","type":"page","link":"https:\/\/www.qualisoliva.com\/en\/customized-solutions\/","title":{"rendered":"Customized <br>Solutions"},"content":{"rendered":"<section class=\"soluciones-grid\">\r\n  <main class=\"soluciones-grid__main\">\r\n    <header class=\"soluciones-txt\">\r\n      <h2 class=\"soluciones-txt__title\">Customized Solutions \/ Private Label<\/h2>\r\n      <h3 class=\"soluciones-txt__subtitle\">\u201cLet us help you design a tin or bottle, using your own company brand\u201d<\/h3>\r\n    <\/header>    \r\n  <\/main>\r\n  <section class=\"soluciones-grid__aside cb-gallery\">\r\n     <a class=\"cb-gallery__item\" href=\"https:\/\/www.qualisoliva.com\/assets\/media\/img-bodegon-soluciones-ampliado.jpg\">\r\n        <img alt=\"\" width=\"1200\" height=\"338\" class=\"alignnone size-size_1200 wp-image-1057 lazyload\" data-src=\"https:\/\/www.qualisoliva.com\/assets\/media\/\/img-bodegon-soluciones-1200x338.jpg\" srcset=\"https:\/\/www.qualisoliva.com\/assets\/media\/img-bodegon-soluciones-1200x338.jpg 1200w, https:\/\/www.qualisoliva.com\/assets\/media\/img-bodegon-soluciones-150x42.jpg 150w, https:\/\/www.qualisoliva.com\/assets\/media\/img-bodegon-soluciones-300x84.jpg 300w, https:\/\/www.qualisoliva.com\/assets\/media\/img-bodegon-soluciones-400x113.jpg 400w, https:\/\/www.qualisoliva.com\/assets\/media\/img-bodegon-soluciones-480x135.jpg 480w, https:\/\/www.qualisoliva.com\/assets\/media\/img-bodegon-soluciones-550x155.jpg 550w, https:\/\/www.qualisoliva.com\/assets\/media\/img-bodegon-soluciones-768x216.jpg 768w, https:\/\/www.qualisoliva.com\/assets\/media\/img-bodegon-soluciones-992x279.jpg 992w, https:\/\/www.qualisoliva.com\/assets\/media\/img-bodegon-soluciones.jpg 1920w\" sizes=\"(max-width: 1200px) 100vw, 1200px\" \/>\r\n     <\/a>\r\n  <\/section>\r\n  <section style=\"display : none !important;\" class=\"soluciones-grid__aside cb-gallery\">\r\n    <article class=\"solucion-item\">\r\n      <div class=\"solucion-item__card\">\r\n         <a class=\"cb-gallery__item\" href=\"https:\/\/www.qualisoliva.com\/assets\/media\/LATA_04.gif\" title=\"Riverfood : Aceite de hojiblanca 1000 mL\"><\/a>\r\n         <main class=\"solucion-item__main\">\r\n            <header class=\"solucion-item__header\">\r\n                <h6 class=\"solucion-item__header-title\">Riverfood<\/h6>\r\n                <h6 class=\"solucion-item__header-subtitle\">Aceite de hojiblanca<\/h6>\r\n                <p>1000 mL<\/p>\r\n            <\/header>\r\n            <div class=\"solucion-item__canvas\">\r\n                <img alt=\"\" width=\"400\" height=\"563\" class=\"alignnone size-size_400 wp-image-674 lazyload\" data-src=\"https:\/\/www.qualisoliva.com\/assets\/media\/\/LATA_04-IMAGEN-400x563.jpg\" srcset=\"https:\/\/www.qualisoliva.com\/assets\/media\/LATA_04-IMAGEN-400x563.jpg 400w, https:\/\/www.qualisoliva.com\/assets\/media\/LATA_04-IMAGEN-150x211.jpg 150w, https:\/\/www.qualisoliva.com\/assets\/media\/LATA_04-IMAGEN-300x422.jpg 300w, https:\/\/www.qualisoliva.com\/assets\/media\/LATA_04-IMAGEN-480x675.jpg 480w, https:\/\/www.qualisoliva.com\/assets\/media\/LATA_04-IMAGEN-550x773.jpg 550w, https:\/\/www.qualisoliva.com\/assets\/media\/LATA_04-IMAGEN.jpg 768w\" sizes=\"(max-width: 400px) 100vw, 400px\" \/>\r\n            <\/div>\r\n         <\/main>\r\n      <\/div>\r\n    <\/article>\r\n    <article class=\"solucion-item\">\r\n      <div class=\"solucion-item__card\">\r\n         <a class=\"cb-gallery__item\" href=\"https:\/\/www.qualisoliva.com\/assets\/media\/LATA_03.gif\" title=\"Riverfood : Aceite de arbequina 500 mL\"><\/a>\r\n         <main class=\"solucion-item__main\">\r\n            <header class=\"solucion-item__header\">\r\n                <h6 class=\"solucion-item__header-title\">Riverfood<\/h6>\r\n                <h6 class=\"solucion-item__header-subtitle\">Aceite de arbequina<\/h6>\r\n                <p>500 mL<\/p>                \r\n            <\/header>\r\n            <div class=\"solucion-item__canvas\">\r\n                <img alt=\"\" width=\"400\" height=\"563\" class=\"alignnone size-size_400 wp-image-690 lazyload\" data-src=\"https:\/\/www.qualisoliva.com\/assets\/media\/\/LATA_03-IMAGEN-400x563.jpg\" srcset=\"https:\/\/www.qualisoliva.com\/assets\/media\/LATA_03-IMAGEN-400x563.jpg 400w, https:\/\/www.qualisoliva.com\/assets\/media\/LATA_03-IMAGEN-150x211.jpg 150w, https:\/\/www.qualisoliva.com\/assets\/media\/LATA_03-IMAGEN-300x422.jpg 300w, https:\/\/www.qualisoliva.com\/assets\/media\/LATA_03-IMAGEN-480x675.jpg 480w, https:\/\/www.qualisoliva.com\/assets\/media\/LATA_03-IMAGEN-550x773.jpg 550w, https:\/\/www.qualisoliva.com\/assets\/media\/LATA_03-IMAGEN.jpg 768w\" sizes=\"(max-width: 400px) 100vw, 400px\" \/>\r\n            <\/div>\r\n         <\/main>\r\n      <\/div>\r\n    <\/article>\r\n    <article class=\"solucion-item\">\r\n      <div class=\"solucion-item__card\">\r\n         <a class=\"cb-gallery__item\" href=\"https:\/\/www.qualisoliva.com\/assets\/media\/LATA_01.gif\" title=\"Ekstra Jomfru : Aceite de hojiblanca 1000 mL\"><\/a>\r\n         <main class=\"solucion-item__main\">\r\n            <header class=\"solucion-item__header\">\r\n                <h6 class=\"solucion-item__header-title\">Ekstra Jomfru<\/h6>\r\n                <h6 class=\"solucion-item__header-subtitle\">Aceite de hojiblanca<\/h6>\r\n                <p>1000 mL<\/p>\r\n            <\/header>\r\n            <div class=\"solucion-item__canvas\">\r\n                <img alt=\"\" width=\"400\" height=\"563\" class=\"alignnone size-size_400 wp-image-704 lazyload\" data-src=\"https:\/\/www.qualisoliva.com\/assets\/media\/\/LATA_01-IMAGEN-400x563.jpg\" srcset=\"https:\/\/www.qualisoliva.com\/assets\/media\/LATA_01-IMAGEN-400x563.jpg 400w, https:\/\/www.qualisoliva.com\/assets\/media\/LATA_01-IMAGEN-150x211.jpg 150w, https:\/\/www.qualisoliva.com\/assets\/media\/LATA_01-IMAGEN-300x422.jpg 300w, https:\/\/www.qualisoliva.com\/assets\/media\/LATA_01-IMAGEN-480x675.jpg 480w, https:\/\/www.qualisoliva.com\/assets\/media\/LATA_01-IMAGEN-550x773.jpg 550w, https:\/\/www.qualisoliva.com\/assets\/media\/LATA_01-IMAGEN.jpg 768w\" sizes=\"(max-width: 400px) 100vw, 400px\" \/>\r\n            <\/div>\r\n         <\/main>\r\n      <\/div>\r\n    <\/article>\r\n<article class=\"solucion-item\">\r\n      <div class=\"solucion-item__card\">\r\n         <a class=\"cb-gallery__item\" href=\"https:\/\/www.qualisoliva.com\/assets\/media\/LATA_02.gif\" title=\"Ekstra Jomfru : Aceite de arbequina 1000 mL\"><\/a>\r\n         <main class=\"solucion-item__main\">\r\n            <header class=\"solucion-item__header\">\r\n                <h6 class=\"solucion-item__header-title\">Ekstra Jomfru<\/h6>\r\n                <h6 class=\"solucion-item__header-subtitle\">Aceite de arbequina<\/h6>\r\n                <p>1000 mL<\/p>\r\n            <\/header>\r\n            <div class=\"solucion-item__canvas\">\r\n                <img alt=\"\" width=\"400\" height=\"563\" class=\"alignnone size-size_400 wp-image-698 lazyload\" data-src=\"https:\/\/www.qualisoliva.com\/assets\/media\/\/LATA_02-IMAGEN-400x563.jpg\" srcset=\"https:\/\/www.qualisoliva.com\/assets\/media\/LATA_02-IMAGEN-400x563.jpg 400w, https:\/\/www.qualisoliva.com\/assets\/media\/LATA_02-IMAGEN-150x211.jpg 150w, https:\/\/www.qualisoliva.com\/assets\/media\/LATA_02-IMAGEN-300x422.jpg 300w, https:\/\/www.qualisoliva.com\/assets\/media\/LATA_02-IMAGEN-480x675.jpg 480w, https:\/\/www.qualisoliva.com\/assets\/media\/LATA_02-IMAGEN-550x773.jpg 550w, https:\/\/www.qualisoliva.com\/assets\/media\/LATA_02-IMAGEN.jpg 768w\" sizes=\"(max-width: 400px) 100vw, 400px\" \/>\r\n            <\/div>\r\n         <\/main>\r\n      <\/div>\r\n    <\/article>\r\n  <\/section>\r\n  <footer class=\"soluciones-form\">\r\n    <h5 class=\"soluciones-form__instruction\">Just tell us your idea and our team will make it a reality.<\/h5> \r\n      \n<div class=\"wpcf7 no-js\" id=\"wpcf7-f594-o1\" lang=\"es-ES\" dir=\"ltr\" data-wpcf7-id=\"594\">\n<div class=\"screen-reader-response\"><p role=\"status\" aria-live=\"polite\" aria-atomic=\"true\"><\/p> <ul><\/ul><\/div>\n<form action=\"\/en\/wp-json\/wp\/v2\/pages\/849#wpcf7-f594-o1\" method=\"post\" class=\"wpcf7-form init\" aria-label=\"Formulario de contacto\" novalidate=\"novalidate\" data-status=\"init\">\n<fieldset class=\"hidden-fields-container\"><input type=\"hidden\" name=\"_wpcf7\" value=\"594\"><input type=\"hidden\" name=\"_wpcf7_version\" value=\"6.1.5\"><input type=\"hidden\" name=\"_wpcf7_locale\" value=\"es_ES\"><input type=\"hidden\" name=\"_wpcf7_unit_tag\" value=\"wpcf7-f594-o1\"><input type=\"hidden\" name=\"_wpcf7_container_post\" value=\"0\"><input type=\"hidden\" name=\"_wpcf7_posted_data_hash\" value=\"\">\n<\/fieldset>\n<article class=\"cb-cf7-field field-underline\">\n\t<div class=\"label-field\">\n\t\t<p><span class=\"only-es\">Nombre y apellidos *<\/span><span class=\"only-en\">Name and surname *<\/span>\n\t\t<\/p>\n\t<\/div>\n\t<div class=\"cb-cf7-field__inner\">\n\t\t<p><span class=\"wpcf7-form-control-wrap\" data-name=\"soluciones-nombre-apellidos\"><input size=\"40\" maxlength=\"400\" class=\"wpcf7-form-control wpcf7-text wpcf7-validates-as-required\" aria-required=\"true\" aria-invalid=\"false\" placeholder=\"Name and surname\" value=\"\" type=\"text\" name=\"soluciones-nombre-apellidos\"><\/span>\n\t\t<\/p>\n\t<\/div>\n<\/article>\n<article class=\"cb-cf7-field field-underline field-split\">\n\t<div class=\"label-field\">\n\t\t<p><span class=\"only-es\">Email *<\/span><span class=\"only-en\">Email *<\/span>\n\t\t<\/p>\n\t<\/div>\n\t<div class=\"cb-cf7-field__inner\">\n\t\t<p><span class=\"wpcf7-form-control-wrap\" data-name=\"soluciones-email\"><input size=\"40\" maxlength=\"400\" class=\"wpcf7-form-control wpcf7-email wpcf7-validates-as-required wpcf7-text wpcf7-validates-as-email\" aria-required=\"true\" aria-invalid=\"false\" placeholder=\"Email\" value=\"\" type=\"email\" name=\"soluciones-email\"><\/span>\n\t\t<\/p>\n\t<\/div>\n<\/article>\n<article class=\"cb-cf7-field field-underline field-split\">\n\t<div class=\"label-field\">\n\t\t<p><span class=\"only-es\">Tel\u00e9fono *<\/span><span class=\"only-en\">Phone *<\/span>\n\t\t<\/p>\n\t<\/div>\n\t<div class=\"cb-cf7-field__inner\">\n\t\t<p><span class=\"wpcf7-form-control-wrap\" data-name=\"soluciones-telefono\"><input size=\"40\" maxlength=\"400\" class=\"wpcf7-form-control wpcf7-tel wpcf7-validates-as-required wpcf7-text wpcf7-validates-as-tel\" aria-required=\"true\" aria-invalid=\"false\" placeholder=\"Telephone\" value=\"\" type=\"tel\" name=\"soluciones-telefono\"><\/span>\n\t\t<\/p>\n\t<\/div>\n<\/article>\n<article class=\"cb-cf7-field field-underline\">\n\t<div class=\"label-field\">\n\t\t<p><span class=\"only-es\">Cu\u00e9ntanos tu idea (nombre, colores, uso, referencias...) *<\/span><span class=\"only-en\">Tell us your idea (name, colors, use, references...) *<\/span>\n\t\t<\/p>\n\t<\/div>\n\t<div class=\"cb-cf7-field__inner\">\n\t\t<p><span class=\"wpcf7-form-control-wrap\" data-name=\"soluciones-mensaje\"><textarea cols=\"40\" rows=\"10\" maxlength=\"2000\" class=\"wpcf7-form-control wpcf7-textarea\" aria-invalid=\"false\" placeholder=\"Message\" name=\"soluciones-mensaje\"><\/textarea><\/span>\n\t\t<\/p>\n\t<\/div>\n<\/article>\n<article class=\"cb-cf7-field field-legal\">\n\t<p><label for=\"field-politica-privacidad\" class=\"custom-checkbox\"><span class=\"wpcf7-form-control-wrap\" data-name=\"politica-privacidad\"><span class=\"wpcf7-form-control wpcf7-acceptance\"><span class=\"wpcf7-list-item\"><input type=\"checkbox\" name=\"politica-privacidad\" value=\"1\" class=\"check-politica custom-checkbox-cf\" id=\"field-politica-privacidad\" aria-invalid=\"false\"><\/span><\/span><\/span><span class=\"only-es\">He le\u00eddo y acepto la informaci\u00f3n sobre protecci\u00f3n de datos seg\u00fan el REGLAMENTO (UE) 2016\/679 DEL PARLAMENTO EUROPEO Y DEL CONSEJO de 27 de abril de 2016 relativo a la protecci\u00f3n de las personas f\u00edsicas en lo que respecta al tratamiento de datos personales y a la libre circulaci\u00f3n de estos datos.<\/span><span class=\"only-en\">I have read and accept the information concerning data protection in accordance with REGULATION (EU) 2016\/679 OF THE EUROPEAN PARLIAMENT AND OF THE COUNCIL of 27 April 2016 on the protection of natural persons with regard to the processing of personal data and on the free movement of such data.<\/span><\/label>\n\t<\/p>\n<\/article>\n<section class=\"textos-legales\">\n\t<div class=\"only-es\">\n\t\t<p>Sus datos son utilizados para gestionar las consultas que se realizan a trav\u00e9s de nuestra web mediante sus tratamiento como \"Formulario Web\". La base legal para el tratamiento de su datos es su consentimiento expl\u00edcito, prestado si proporciona su informaci\u00f3n personal. No se ceder\u00e1n datos a terceros, salvo obligaci\u00f3n legal. Podr\u00e1 acceder, rectificar y suprimir los datos as\u00ed como otros derechos, como se explica en la informaci\u00f3n adicional. La informaci\u00f3n adicional la encontrar\u00e1 en el<a href=\"\/politica-de-privacidad\/\" target=\"_blank\">AVISO LEGAL<\/a>, de nuestra p\u00e1gina web.\n\t\t<\/p>\n\t<\/div>\n\t<div class=\"only-en\">\n\t\t<p>Your data are used to manage the queries we receive via our website and they are processed as an \u2018Online Form\u2019. The legal basis for the data-processing is your explicit consent, which you provide by supplying your personal information. Data will not be shared with third parties unless there is a statutory requirement to do so. You may view, correct, or delete your data and exercise other rights as explained in the additional information. You can view the additional information as part of our<a href=\"\/en\/privacy-policy\/\" target=\"_blank\">LEGAL NOTICE<\/a>on our website.\n\t\t<\/p>\n\t<\/div>\n<\/section>\n<article class=\"cb-cf7-field\">\n\t<p><section class=\"custom-captcha__section\">\t\n\t<main class=\"custom-captcha__card\">\n\t\t<label class=\"custom-captcha__label\">Please fill in the captcha, enter the numbers and letters from the image <\/label>\n\t\t<img alt=\"captcha\" data-src=\"https:\/\/www.qualisoliva.com\/assets\/themes\/core-base-child\/partials\/captcha\/create-image-captcha.php?meta=14&amp;keys=1c-1e-1b-a1-6-11-1f-b1\" class=\" lazyload\">\n\t\t<div class=\"custom-captcha__cta\">\n\t\t\t<input class=\"custom-captcha__input\" name=\"custom-captcha\" placeholder=\"Enter the captcha here\">\n\t\t\t<button title=\"Recargar captcha\" id=\"cb_captcha_reload\"><\/button>\n\t\t<\/div>\n\t<\/main>\t\n<\/section>\n<span class=\"wpcf7-form-control-wrap\" data-name=\"false-captcha\"><input size=\"40\" maxlength=\"400\" class=\"wpcf7-form-control wpcf7-text\" id=\"false-captcha\" aria-invalid=\"false\" value=\"\" type=\"text\" name=\"false-captcha\"><\/span>\n\t<\/p>\n<\/article>\n<article class=\"cb-cf7-field field-submit\">\n\t<div class=\"field-submit__inner\">\n\t\t<p><input class=\"wpcf7-form-control wpcf7-submit btn-submit-cf7\" type=\"submit\" value=\"Submit\">\n\t\t<\/p>\n\t<\/div>\n<\/article><div class=\"wpcf7-response-output\" aria-hidden=\"true\"><\/div>\n<\/form>\n<\/div>\n\r\n  <\/footer>\r\n<\/section>","protected":false},"excerpt":{"rendered":"<p>Customized Solutions \/ Private Label \u201cLet us help you design a tin or bottle, using your own company brand\u201d Riverfood Aceite de hojiblanca 1000 mL Riverfood Aceite de arbequina 500 mL Ekstra Jomfru Aceite de hojiblanca 1000 mL Ekstra Jomfru Aceite de arbequina 1000 mL Just tell us your idea and our team will make [&hellip;]<\/p>\n","protected":false},"author":1,"featured_media":1126,"parent":0,"menu_order":0,"comment_status":"closed","ping_status":"closed","template":"templates\/page-with-container.php","meta":{"_acf_changed":false,"footnotes":""},"class_list":["post-849","page","type-page","status-publish","has-post-thumbnail","hentry"],"acf":[],"_links":{"self":[{"href":"https:\/\/www.qualisoliva.com\/en\/wp-json\/wp\/v2\/pages\/849","targetHints":{"allow":["GET"]}}],"collection":[{"href":"https:\/\/www.qualisoliva.com\/en\/wp-json\/wp\/v2\/pages"}],"about":[{"href":"https:\/\/www.qualisoliva.com\/en\/wp-json\/wp\/v2\/types\/page"}],"author":[{"embeddable":true,"href":"https:\/\/www.qualisoliva.com\/en\/wp-json\/wp\/v2\/users\/1"}],"replies":[{"embeddable":true,"href":"https:\/\/www.qualisoliva.com\/en\/wp-json\/wp\/v2\/comments?post=849"}],"version-history":[{"count":5,"href":"https:\/\/www.qualisoliva.com\/en\/wp-json\/wp\/v2\/pages\/849\/revisions"}],"predecessor-version":[{"id":1063,"href":"https:\/\/www.qualisoliva.com\/en\/wp-json\/wp\/v2\/pages\/849\/revisions\/1063"}],"wp:featuredmedia":[{"embeddable":true,"href":"https:\/\/www.qualisoliva.com\/en\/wp-json\/wp\/v2\/media\/1126"}],"wp:attachment":[{"href":"https:\/\/www.qualisoliva.com\/en\/wp-json\/wp\/v2\/media?parent=849"}],"curies":[{"name":"wp","href":"https:\/\/api.w.org\/{rel}","templated":true}]}}